{"id":19,"date":"2022-05-10T11:31:54","date_gmt":"2022-05-10T11:31:54","guid":{"rendered":"https:\/\/soundandlife.com\/campus\/resumen-cursos\/"},"modified":"2024-06-04T09:26:22","modified_gmt":"2024-06-04T09:26:22","slug":"resumen-cursos","status":"publish","type":"page","link":"https:\/\/soundandlife.com\/campus\/","title":{"rendered":"Cursos"},"content":{"rendered":"<!-- ld-course-grid gutenberg block begin --><div class=\"learndash-block-inner learndash-wrapper\">\t\t<div class=\"learndash-course-grid-temp-css\" style=\"display: none;\">\n\t\t\t #ld-cg-lfr3orteor .grid{grid-template-columns:repeat(4,minmax(0,1fr));} #ld-cg-lfr3orteor .grid &gt; .item &gt; .post, #ld-cg-lfr3orteor .grid &gt; .item .content{display:flex;flex-direction:column;height:100%;} #ld-cg-lfr3orteor .grid &gt; .item .content &gt; *:last-child{margin-top:auto;} #ld-cg-lfr3orteor .grid &gt; .item .content .entry-title, #ld-cg-lfr3orteor .grid &gt; .item .content .entry-title *{} #ld-cg-lfr3orteor .grid &gt; .item .content .entry-title{} #ld-cg-lfr3orteor .grid &gt; .item .content .entry-title *{} #ld-cg-lfr3orteor .grid &gt; .item .content .entry-content{} #ld-cg-lfr3orteor .grid &gt; .item .content .entry-content *{} #ld-cg-lfr3orteor .grid &gt; .item .ribbon{} #ld-cg-lfr3orteor .grid &gt; .item .ribbon, #ld-cg-lfr3orteor .grid &gt; .item .ribbon *{} #ld-cg-lfr3orteor .grid &gt; .item .icon{} #ld-cg-lfr3orteor .grid &gt; .item .icon, #ld-cg-lfr3orteor .grid &gt; .item .icon *{} #ld-cg-lfr3orteor .grid &gt; .item .button, #ld-cg-lfr3orteor .grid &gt; .item .button *{} #ld-cg-lfr3orteor .grid &gt; .item .button, #ld-cg-lfr3orteor .grid &gt; .item .button *{}\t\t<\/div>\n\t\t<div id=\"ld-cg-lfr3orteor\" class=\"learndash-course-grid \" data-page=\"1\"  data-post_type=\"sfwd-courses\" data-per_page=\"9\" data-orderby=\"ID\" data-order=\"ASC\" data-taxonomies=\"ld_course_category:portada\" data-enrollment_status=\"\" data-progress_status=\"\" data-thumbnail=\"1\" data-thumbnail_size=\"large\" data-ribbon=\"1\" data-video=\"\" data-content=\"1\" data-title=\"1\" data-title_clickable=\"1\" data-description=\"1\" data-description_char_max=\"1000\" data-button=\"1\" data-filter=\"1\" data-pagination=\"button\" data-grid_height_equal=\"1\" data-progress_bar=\"1\" data-post_meta=\"\" data-skin=\"grid\" data-card=\"grid-3\" data-columns=\"4\" data-min_column_width=\"250\" data-items_per_row=\"5\" data-font_family_title=\"\" data-font_family_description=\"\" data-font_size_title=\"\" data-font_size_description=\"\" data-font_color_title=\"\" data-font_color_description=\"\" data-background_color_title=\"\" data-background_color_description=\"\" data-background_color_ribbon=\"\" data-font_color_ribbon=\"\" data-background_color_icon=\"\" data-font_color_icon=\"\" data-background_color_button=\"\" data-font_color_button=\"\" data-class_name=\"\" data-id=\"ld-cg-lfr3orteor\" data-filter_search=\"\" data-filter_taxonomies=\"category, post_tag\" data-filter_price=\"\" data-filter_price_min=\"0\" data-filter_price_max=\"1000\"><button class=\"toggle-filter\">Filter<\/button><div class=\"learndash-course-grid-filter\" data-course_grid_id=\"ld-cg-lfr3orteor\" data-taxonomies=\"category, post_tag\">\n<div class=\"filter-wrapper\">\n    <form method=\"POST\" name=\"learndash_course_grid_filter\">\n        <input type=\"hidden\" id=\"_wpnonce\" name=\"_wpnonce\" value=\"5d8e88a8fe\" \/><input type=\"hidden\" name=\"_wp_http_referer\" value=\"\/campus\/wp-json\/wp\/v2\/pages\/19\" \/>        \n                    <div class=\"filter taxonomies\">\n                <div class=\"taxonomies-wrapper\">\n                                            \n                            <div class=\"taxonomy category\">\n                                <label>Categor\u00edas<\/label>\n                                <ul class=\"terms\">\n                                                                            <li class=\"term\">\n                                            <label \n                                                for=\"ld-cg-lfr3orteor-category-uncategorized\"\n                                            >\n                                                <input \n                                                    id=\"ld-cg-lfr3orteor-category-uncategorized\" \n                                                    type=\"checkbox\" \n                                                    name=\"category[]\" \n                                                    value=\"1\" \n                                                                                                    > \n                                                Uncategorized                                            <\/label>\n                                        <\/li>\n                                                                    <\/ul>\n                            <\/div>\n                                                                    \n                            <div class=\"taxonomy post_tag\">\n                                <label>Etiquetas<\/label>\n                                <ul class=\"terms\">\n                                                                    <\/ul>\n                            <\/div>\n                                                            <\/div>\n            <\/div>\n        \n        \n        <div class=\"buttons\">\n            <button class=\"button apply blue\">Apply<\/button>\n            <button class=\"button clear grey\">Clear<\/button>\n        <\/div>\n    <\/form>\n<\/div><\/div><div class=\"items-wrapper grid\">\n            <div class=\"item grid-3\">\n\t<article id=\"post-781\" class=\"post post-781 sfwd-courses type-sfwd-courses status-publish has-post-thumbnail hentry ld_course_category-portada ld_course_tag-bioacustica-esencial\">\n                    <div class=\"thumbnail\">\n                                    <div class=\"thumbnail\">\n                        <a href=\"https:\/\/soundandlife.com\/campus\/courses\/bioacustica-esencial\/\" rel=\"bookmark\">\n                            <img fetchpriority=\"high\" decoding=\"async\" width=\"640\" height=\"267\" src=\"https:\/\/soundandlife.com\/campus\/wp-content\/uploads\/2022\/11\/images_collection_final_list_4085.jpeg\" class=\"attachment-large size-large wp-post-image\" alt=\"\" srcset=\"https:\/\/soundandlife.com\/campus\/wp-content\/uploads\/2022\/11\/images_collection_final_list_4085.jpeg 938w, https:\/\/soundandlife.com\/campus\/wp-content\/uploads\/2022\/11\/images_collection_final_list_4085-300x125.jpeg 300w, https:\/\/soundandlife.com\/campus\/wp-content\/uploads\/2022\/11\/images_collection_final_list_4085-768x321.jpeg 768w, https:\/\/soundandlife.com\/campus\/wp-content\/uploads\/2022\/11\/images_collection_final_list_4085-600x251.jpeg 600w\" sizes=\"(max-width: 640px) 100vw, 640px\" \/>                        <\/a>\n                    <\/div>\n                            <\/div>\n        \t\t\t\t\t<div class=\"content\">\n                                    <h3 class=\"entry-title\">\n                                                    <a href=\"https:\/\/soundandlife.com\/campus\/courses\/bioacustica-esencial\/\">\n                                                    BIOAC\u00daSTICA ESENCIAL                                                    <\/a>\n                                            <\/h3>\n                                                                    <div class=\"entry-content\">\n                        <p>Formaci\u00f3n b\u00e1sica de Bioac\u00fastica,<br \/>\nPensando en los profesionales que quieren acompa\u00f1ar sus t\u00e9cnicas con  sonido natural de forma terap\u00e9utica, y necesitan un aprendizaje rapido y facil.<\/p>\n                    <\/div>\n                                                \t\t\t\t\t\t\t\t\t\t\t\t\t\t\t\t\t\t\t\t                \t\t\t\t\t<div class=\"button\">\n\t\t\t\t\t\t<a role=\"button\" href=\"https:\/\/soundandlife.com\/campus\/courses\/bioacustica-esencial\/\" rel=\"bookmark\">Ver Contenido<\/a>\n\t\t\t\t\t<\/div>\n\t\t\t\t\t\t\t<\/div>\n\t\t\t<\/article>\n<\/div>            <div class=\"item grid-3\">\n\t<article id=\"post-1088\" class=\"post post-1088 sfwd-courses type-sfwd-courses status-publish has-post-thumbnail hentry ld_course_category-portada ld_course_tag-el-testaje-asistido-por-la-naturaleza\">\n                    <div class=\"thumbnail\">\n                                    <div class=\"thumbnail\">\n                        <a href=\"https:\/\/soundandlife.com\/campus\/courses\/cocreacion-psiquica-con-la-naturaleza\/\" rel=\"bookmark\">\n                            <img decoding=\"async\" width=\"640\" height=\"267\" src=\"https:\/\/soundandlife.com\/campus\/wp-content\/uploads\/2023\/03\/images_collection_final_list_11520.jpeg\" class=\"attachment-large size-large wp-post-image\" alt=\"\" srcset=\"https:\/\/soundandlife.com\/campus\/wp-content\/uploads\/2023\/03\/images_collection_final_list_11520.jpeg 940w, https:\/\/soundandlife.com\/campus\/wp-content\/uploads\/2023\/03\/images_collection_final_list_11520-300x125.jpeg 300w, https:\/\/soundandlife.com\/campus\/wp-content\/uploads\/2023\/03\/images_collection_final_list_11520-768x320.jpeg 768w, https:\/\/soundandlife.com\/campus\/wp-content\/uploads\/2023\/03\/images_collection_final_list_11520-624x260.jpeg 624w, https:\/\/soundandlife.com\/campus\/wp-content\/uploads\/2023\/03\/images_collection_final_list_11520-600x250.jpeg 600w\" sizes=\"(max-width: 640px) 100vw, 640px\" \/>                        <\/a>\n                    <\/div>\n                            <\/div>\n        \t\t\t\t\t<div class=\"content\">\n                                    <h3 class=\"entry-title\">\n                                                    <a href=\"https:\/\/soundandlife.com\/campus\/courses\/cocreacion-psiquica-con-la-naturaleza\/\">\n                                                    COCREACION PSIQUICA CON LA NATURALEZA                                                    <\/a>\n                                            <\/h3>\n                                                                    <div class=\"entry-content\">\n                        <p>\u00abLa naturaleza como aliada:<br \/>\nEl arte de recibir informaci\u00f3n y asistencia, e integrarlos en tu vida cotidiana.\u00bb<\/p>\n                    <\/div>\n                                                \t\t\t\t\t\t\t\t\t\t\t\t\t\t\t\t\t\t\t\t                \t\t\t\t\t<div class=\"button\">\n\t\t\t\t\t\t<a role=\"button\" href=\"https:\/\/soundandlife.com\/campus\/courses\/cocreacion-psiquica-con-la-naturaleza\/\" rel=\"bookmark\">Ver Contenido<\/a>\n\t\t\t\t\t<\/div>\n\t\t\t\t\t\t\t<\/div>\n\t\t\t<\/article>\n<\/div>            <div class=\"item grid-3\">\n\t<article id=\"post-2036\" class=\"post post-2036 sfwd-courses type-sfwd-courses status-publish has-post-thumbnail hentry ld_course_category-portada\">\n                    <div class=\"thumbnail\">\n                                    <div class=\"thumbnail\">\n                        <a href=\"https:\/\/soundandlife.com\/campus\/courses\/formacion-profesional-de-bioacustica-nivel-i\/\" rel=\"bookmark\">\n                            <img decoding=\"async\" width=\"640\" height=\"267\" src=\"https:\/\/soundandlife.com\/campus\/wp-content\/uploads\/2023\/03\/formacion3.jpg\" class=\"attachment-large size-large wp-post-image\" alt=\"\" srcset=\"https:\/\/soundandlife.com\/campus\/wp-content\/uploads\/2023\/03\/formacion3.jpg 768w, https:\/\/soundandlife.com\/campus\/wp-content\/uploads\/2023\/03\/formacion3-300x125.jpg 300w, https:\/\/soundandlife.com\/campus\/wp-content\/uploads\/2023\/03\/formacion3-624x260.jpg 624w, https:\/\/soundandlife.com\/campus\/wp-content\/uploads\/2023\/03\/formacion3-600x250.jpg 600w\" sizes=\"(max-width: 640px) 100vw, 640px\" \/>                        <\/a>\n                    <\/div>\n                            <\/div>\n        \t\t\t\t\t<div class=\"content\">\n                                    <h3 class=\"entry-title\">\n                                                    <a href=\"https:\/\/soundandlife.com\/campus\/courses\/formacion-profesional-de-bioacustica-nivel-i\/\">\n                                                    FORMACI\u00d3N PROFESIONAL DE BIOAC\u00daSTICA                                                    <\/a>\n                                            <\/h3>\n                                                                    <div class=\"entry-content\">\n                        <p>\u00abc\u00f3mo el sonido de los ecosistemas terrestres se relaciona contigo y c\u00f3mo lo aplicamos terap\u00e9uticamente\u00bb<br \/><\/p>\n                    <\/div>\n                                                \t\t\t\t\t\t\t\t\t\t\t\t\t\t\t\t\t\t\t\t                \t\t\t\t\t<div class=\"button\">\n\t\t\t\t\t\t<a role=\"button\" href=\"https:\/\/soundandlife.com\/campus\/courses\/formacion-profesional-de-bioacustica-nivel-i\/\" rel=\"bookmark\">Ver Contenido<\/a>\n\t\t\t\t\t<\/div>\n\t\t\t\t\t\t\t<\/div>\n\t\t\t<\/article>\n<\/div>            <div class=\"item grid-3\">\n\t<article id=\"post-6696\" class=\"post post-6696 sfwd-courses type-sfwd-courses status-publish has-post-thumbnail hentry ld_course_category-portada ld_course_tag-liberacion\">\n                    <div class=\"thumbnail\">\n                                    <div class=\"thumbnail\">\n                        <a href=\"https:\/\/soundandlife.com\/campus\/courses\/liberacion-de-polucion-psiquica-y-armonizacion-de-espacios\/\" rel=\"bookmark\">\n                            <img loading=\"lazy\" decoding=\"async\" width=\"640\" height=\"267\" src=\"https:\/\/soundandlife.com\/campus\/wp-content\/uploads\/2026\/01\/PORTADA-CURSO.jpg\" class=\"attachment-large size-large wp-post-image\" alt=\"\" srcset=\"https:\/\/soundandlife.com\/campus\/wp-content\/uploads\/2026\/01\/PORTADA-CURSO.jpg 940w, https:\/\/soundandlife.com\/campus\/wp-content\/uploads\/2026\/01\/PORTADA-CURSO-300x125.jpg 300w, https:\/\/soundandlife.com\/campus\/wp-content\/uploads\/2026\/01\/PORTADA-CURSO-768x320.jpg 768w, https:\/\/soundandlife.com\/campus\/wp-content\/uploads\/2026\/01\/PORTADA-CURSO-624x260.jpg 624w, https:\/\/soundandlife.com\/campus\/wp-content\/uploads\/2026\/01\/PORTADA-CURSO-600x250.jpg 600w\" sizes=\"(max-width: 640px) 100vw, 640px\" \/>                        <\/a>\n                    <\/div>\n                            <\/div>\n        \t\t\t\t\t<div class=\"content\">\n                                    <h3 class=\"entry-title\">\n                                                    <a href=\"https:\/\/soundandlife.com\/campus\/courses\/liberacion-de-polucion-psiquica-y-armonizacion-de-espacios\/\">\n                                                    LIBERACI\u00d3N DE POLUCI\u00d3N PS\u00cdQUICA Y ARMONIZACI\u00d3N DE ESPACIOS                                                    <\/a>\n                                            <\/h3>\n                                                                    <div class=\"entry-content\">\n                        <p>CON SONIDO E INTELIGENCIAS DE LA NATURALEZA<br \/>\nReconocer y liberar residuos ps\u00edquicos propios y ajenos.<\/p>\n                    <\/div>\n                                                \t\t\t\t\t\t\t\t\t\t\t\t\t\t\t\t\t\t\t\t                \t\t\t\t\t<div class=\"button\">\n\t\t\t\t\t\t<a role=\"button\" href=\"https:\/\/soundandlife.com\/campus\/courses\/liberacion-de-polucion-psiquica-y-armonizacion-de-espacios\/\" rel=\"bookmark\">Ver Contenido<\/a>\n\t\t\t\t\t<\/div>\n\t\t\t\t\t\t\t<\/div>\n\t\t\t<\/article>\n<\/div>    <\/div><\/div><\/div><!-- ld-course-grid gutenberg block end --><\/p>\n<\/p><!-- ld-course-grid gutenberg block begin --><div class=\"learndash-block-inner learndash-wrapper\">\t\t<div class=\"learndash-course-grid-temp-css\" style=\"display: none;\">\n\t\t\t #ld-cg-lfr3ovz9s9 .grid{grid-template-columns:repeat(4,minmax(0,1fr));} #ld-cg-lfr3ovz9s9 .grid &gt; .item .content .entry-title, #ld-cg-lfr3ovz9s9 .grid &gt; .item .content .entry-title *{} #ld-cg-lfr3ovz9s9 .grid &gt; .item .content .entry-title{} #ld-cg-lfr3ovz9s9 .grid &gt; .item .content .entry-title *{} #ld-cg-lfr3ovz9s9 .grid &gt; .item .content .entry-content{} #ld-cg-lfr3ovz9s9 .grid &gt; .item .content .entry-content *{} #ld-cg-lfr3ovz9s9 .grid &gt; .item .ribbon{} #ld-cg-lfr3ovz9s9 .grid &gt; .item .ribbon, #ld-cg-lfr3ovz9s9 .grid &gt; .item .ribbon *{} #ld-cg-lfr3ovz9s9 .grid &gt; .item .icon{} #ld-cg-lfr3ovz9s9 .grid &gt; .item .icon, #ld-cg-lfr3ovz9s9 .grid &gt; .item .icon *{} #ld-cg-lfr3ovz9s9 .grid &gt; .item .button, #ld-cg-lfr3ovz9s9 .grid &gt; .item .button *{} #ld-cg-lfr3ovz9s9 .grid &gt; .item .button, #ld-cg-lfr3ovz9s9 .grid &gt; .item .button *{}\t\t<\/div>\n\t\t<div id=\"ld-cg-lfr3ovz9s9\" class=\"learndash-course-grid \" data-page=\"1\"  data-post_type=\"sfwd-courses\" data-per_page=\"9\" data-orderby=\"ID\" data-order=\"ASC\" data-taxonomies=\"categoria:portada\" data-enrollment_status=\"\" data-progress_status=\"\" data-thumbnail=\"1\" data-thumbnail_size=\"course-thumbnail\" data-ribbon=\"\" data-video=\"\" data-content=\"1\" data-title=\"1\" data-title_clickable=\"1\" data-description=\"1\" data-description_char_max=\"120\" data-button=\"1\" data-filter=\"\" data-pagination=\"button\" data-grid_height_equal=\"\" data-progress_bar=\"1\" data-post_meta=\"1\" data-skin=\"grid\" data-card=\"grid-1\" data-columns=\"4\" data-min_column_width=\"250\" data-items_per_row=\"5\" data-font_family_title=\"\" data-font_family_description=\"\" data-font_size_title=\"\" data-font_size_description=\"\" data-font_color_title=\"\" data-font_color_description=\"\" data-background_color_title=\"\" data-background_color_description=\"\" data-background_color_ribbon=\"\" data-font_color_ribbon=\"\" data-background_color_icon=\"\" data-font_color_icon=\"\" data-background_color_button=\"\" data-font_color_button=\"\" data-class_name=\"\" data-id=\"ld-cg-lfr3ovz9s9\" data-filter_search=\"1\" data-filter_taxonomies=\"category, post_tag\" data-filter_price=\"1\" data-filter_price_min=\"0\" data-filter_price_max=\"1000\"><div class=\"items-wrapper grid\">\n    <\/div><\/div><\/div><!-- ld-course-grid gutenberg block end --><\/p>","protected":false},"excerpt":{"rendered":"","protected":false},"author":1,"featured_media":0,"parent":0,"menu_order":0,"comment_status":"closed","ping_status":"closed","template":"","meta":{"_acf_changed":false,"footnotes":""},"class_list":["post-19","page","type-page","status-publish","hentry"],"acf":[],"_links":{"self":[{"href":"https:\/\/soundandlife.com\/campus\/wp-json\/wp\/v2\/pages\/19","targetHints":{"allow":["GET"]}}],"collection":[{"href":"https:\/\/soundandlife.com\/campus\/wp-json\/wp\/v2\/pages"}],"about":[{"href":"https:\/\/soundandlife.com\/campus\/wp-json\/wp\/v2\/types\/page"}],"author":[{"embeddable":true,"href":"https:\/\/soundandlife.com\/campus\/wp-json\/wp\/v2\/users\/1"}],"replies":[{"embeddable":true,"href":"https:\/\/soundandlife.com\/campus\/wp-json\/wp\/v2\/comments?post=19"}],"version-history":[{"count":35,"href":"https:\/\/soundandlife.com\/campus\/wp-json\/wp\/v2\/pages\/19\/revisions"}],"predecessor-version":[{"id":2474,"href":"https:\/\/soundandlife.com\/campus\/wp-json\/wp\/v2\/pages\/19\/revisions\/2474"}],"wp:attachment":[{"href":"https:\/\/soundandlife.com\/campus\/wp-json\/wp\/v2\/media?parent=19"}],"curies":[{"name":"wp","href":"https:\/\/api.w.org\/{rel}","templated":true}]}}